{"id":57,"date":"2020-01-27T07:23:25","date_gmt":"2020-01-27T07:23:25","guid":{"rendered":"https:\/\/univfunk2.projekte.fh-hagenberg.at?page_id=57"},"modified":"2020-01-27T17:10:32","modified_gmt":"2020-01-27T17:10:32","slug":"sdr","status":"publish","type":"page","link":"https:\/\/univfunk2.projekte.fh-hagenberg.at\/?page_id=57","title":{"rendered":"Technologien"},"content":{"rendered":"\n<div class=\"wp-block-group\"><div class=\"wp-block-group__inner-container is-layout-flow wp-block-group-is-layout-flow\">\n<h2 class=\"wp-block-heading\">SDR<\/h2>\n\n\n\n<p>SDR &#8211; gesprochen <em><strong>S<\/strong>oftware <strong>D<\/strong>efined <strong>R<\/strong>adio<\/em> &#8211; ist ein Konzept der Nachrichten\u00fcbertragung, bei dem die Verarbeitung ausgehender und eingehender Signale teilweise oder komplett in Software realisiert wird. <br>Der hierbei ausschlaggebende Vorteil liegt in der Flexibilit\u00e4t des Konzepts, da die kritischen Komponenten ausschlie\u00dflich in Software realisiert werden und somit leicht anpass- sowie austauschbar sind. Die Hardware wird einmalig festgelegt, was wiederum den Kostenfaktor minimiert.<br>Verwendung findet das Konzept vor allem in Bereichen des Milit\u00e4rs und Prototyping, aber auch kommerziell in z. B. DVB-T-Sticks.<\/p>\n<\/div><\/div>\n\n\n\n<div class=\"wp-block-group\"><div class=\"wp-block-group__inner-container is-layout-flow wp-block-group-is-layout-flow\">\n<h2 class=\"wp-block-heading\">GNU Radio<\/h2>\n\n\n\n<p><a href=\"https:\/\/www.gnuradio.org\/\">GNU Radio<\/a> ist ein freies und offenes Framework f\u00fcr die Entwicklung von SDRs. Neben der vorhandenen Implementierung unz\u00e4hliger Verfahren der digitalen Signalverarbeitung, wie z. B. g\u00e4ngigster Modulationsarten, Signalanalysen oder digitaler Filter, wird auch eine grafische Entwicklungsumgebung &#8211; <strong>GNU Radio Companion<\/strong> &#8211; zur Verf\u00fcgung gestellt.<br>Die grafische Entwicklung gleicht dem Erstellen eines Flussdiagramms, wobei die einzelnen Bl\u00f6cke den jeweiligen Komponenten in der Signalverarbeitungskette entsprechen. Sollten Komponenten in den mitgelieferten Bibliotheken nicht vorhanden oder Anpassungen notwendig sein, so ist es ohne Weiteres m\u00f6glich eigene Bl\u00f6cke in Python oder C++ zu implementieren und diese ebenfalls in der grafischen Entwicklungsumgebung einbinden.<\/p>\n<\/div><\/div>\n\n\n\n<div class=\"wp-block-group\"><div class=\"wp-block-group__inner-container is-layout-flow wp-block-group-is-layout-flow\">\n<h2 class=\"wp-block-heading\">Hardware<\/h2>\n\n\n\n<div class=\"wp-block-columns is-layout-flex wp-container-core-columns-is-layout-9d6595d7 wp-block-columns-is-layout-flex\">\n<div class=\"wp-block-column is-layout-flow wp-block-column-is-layout-flow\">\n<p><strong>Ettus &#8211; USRP B200mini-i<\/strong><\/p>\n\n\n\n<p>Frequenzbereich: 70 MHz &#8211; 6 GHz<br>Bandbreite: bis zu 56 MHz<br>Full Duplex<br>Konfigurierbarer FPGA<\/p>\n<\/div>\n\n\n\n<div class=\"wp-block-column is-layout-flow wp-block-column-is-layout-flow\">\n<figure class=\"wp-block-image size-large is-resized\"><img fetchpriority=\"high\" decoding=\"async\" src=\"http:\/\/univfunk2.projekte.fh-hagenberg.at\/wp-content\/uploads\/2020\/01\/Hardware_Housing-1024x843.png\" alt=\"\" class=\"wp-image-93\" width=\"300\" height=\"246\" srcset=\"https:\/\/univfunk2.projekte.fh-hagenberg.at\/wp-content\/uploads\/2020\/01\/Hardware_Housing-1024x843.png 1024w, https:\/\/univfunk2.projekte.fh-hagenberg.at\/wp-content\/uploads\/2020\/01\/Hardware_Housing-300x247.png 300w, https:\/\/univfunk2.projekte.fh-hagenberg.at\/wp-content\/uploads\/2020\/01\/Hardware_Housing-768x632.png 768w, https:\/\/univfunk2.projekte.fh-hagenberg.at\/wp-content\/uploads\/2020\/01\/Hardware_Housing-800x659.png 800w, https:\/\/univfunk2.projekte.fh-hagenberg.at\/wp-content\/uploads\/2020\/01\/Hardware_Housing.png 1080w\" sizes=\"(max-width: 300px) 100vw, 300px\" \/><\/figure>\n<\/div>\n<\/div>\n<\/div><\/div>\n\n\n\n<div class=\"wp-block-group\"><div class=\"wp-block-group__inner-container is-layout-flow wp-block-group-is-layout-flow\">\n<h2 class=\"wp-block-heading\">FFmpeg<\/h2>\n\n\n\n<p><a href=\"https:\/\/www.ffmpeg.org\/\">FFmpeg<\/a> ist ein Tool f\u00fcr die Aufnahme, Bearbeitung und Konvertierung von Video- sowie Audiodateien. Es werden alle g\u00e4ngigen Codierungen unterst\u00fctzt.<\/p>\n<\/div><\/div>\n\n\n\n<p><\/p>\n","protected":false},"excerpt":{"rendered":"<p>SDR SDR &#8211; gesprochen Software Defined Radio &#8211; ist ein Konzept der Nachrichten\u00fcbertragung, bei dem die Verarbeitung ausgehender und eingehender Signale teilweise oder komplett in Software realisiert wird. Der hierbei ausschlaggebende Vorteil liegt in der Flexibilit\u00e4t des Konzepts, da die kritischen Komponenten ausschlie\u00dflich in Software realisiert werden und somit leicht anpass- sowie austauschbar sind. Die&hellip;<\/p>\n","protected":false},"author":1,"featured_media":0,"parent":0,"menu_order":0,"comment_status":"closed","ping_status":"open","template":"","meta":{"footnotes":""},"class_list":["post-57","page","type-page","status-publish","hentry"],"_links":{"self":[{"href":"https:\/\/univfunk2.projekte.fh-hagenberg.at\/index.php?rest_route=\/wp\/v2\/pages\/57","targetHints":{"allow":["GET"]}}],"collection":[{"href":"https:\/\/univfunk2.projekte.fh-hagenberg.at\/index.php?rest_route=\/wp\/v2\/pages"}],"about":[{"href":"https:\/\/univfunk2.projekte.fh-hagenberg.at\/index.php?rest_route=\/wp\/v2\/types\/page"}],"author":[{"embeddable":true,"href":"https:\/\/univfunk2.projekte.fh-hagenberg.at\/index.php?rest_route=\/wp\/v2\/users\/1"}],"replies":[{"embeddable":true,"href":"https:\/\/univfunk2.projekte.fh-hagenberg.at\/index.php?rest_route=%2Fwp%2Fv2%2Fcomments&post=57"}],"version-history":[{"count":24,"href":"https:\/\/univfunk2.projekte.fh-hagenberg.at\/index.php?rest_route=\/wp\/v2\/pages\/57\/revisions"}],"predecessor-version":[{"id":177,"href":"https:\/\/univfunk2.projekte.fh-hagenberg.at\/index.php?rest_route=\/wp\/v2\/pages\/57\/revisions\/177"}],"wp:attachment":[{"href":"https:\/\/univfunk2.projekte.fh-hagenberg.at\/index.php?rest_route=%2Fwp%2Fv2%2Fmedia&parent=57"}],"curies":[{"name":"wp","href":"https:\/\/api.w.org\/{rel}","templated":true}]}}